{"id":51,"date":"2018-11-13T11:48:01","date_gmt":"2018-11-13T10:48:01","guid":{"rendered":"http:\/\/kelly.kendytheme.net\/?page_id=51"},"modified":"2023-01-26T10:20:22","modified_gmt":"2023-01-26T09:20:22","slug":"about-2","status":"publish","type":"page","link":"http:\/\/heilemania.de\/?page_id=51","title":{"rendered":"About"},"content":{"rendered":"<p>Heile \/ Stefan Heilemann wohnhaft in Stuttgart.<\/p>\n<p class=\"position-top\"><em><strong>&#8220;Ich la\u00df mich von keiner Realit\u00e4t einschr\u00e4nken !&#8221;<\/strong><\/em><\/p>\n<p>Stefan Heilemann wurde 1974 in Bietigheim-Bissingen geboren. Er war viele Jahre als Art Director bei verschiedenen Werbeagenturen t\u00e4tig. Seit 2001 ist er selbst\u00e4ndig und arbeitet als Fotok\u00fcnstler.<\/p>\n<p>Sein Bildband &#8220;Velvet Guts&#8221; wurde mit dem Deutschen Fotobuchpreis 2019 in Bronze ausgezeichnet.<span id=\"fbPhotoSnowliftCaption\" class=\"fbPhotosPhotoCaption\" tabindex=\"0\" data-ft=\"{&quot;tn&quot;:&quot;K&quot;}\"><\/span><\/p>\n<p><strong><em>&#8220;Bilder die gleichzeitig lachen, weinen und schreien<br \/>\nfaszinieren mich.&#8221;<\/em><\/strong><\/p>\n<p>Seine Werke zieren mittlerweile zahlreiche Plattencover und Artworks internationaler Bands wie: Lindemann, Pain, Epica, Kamelot, Dimmu Borgir, Kreator, Oomph!, Nightwish, uvm.<\/p>\n<p>Titelstories &amp; Publikationen in vielen internationalen Magazinen: Pictures &#8211; Das Fotomagazin, Metal Hammer, Foto Praxis, Tattoo Magazin, Revolver Magazine, Virus, Saarscene, Legacy, Sonic Seducer, Orkus, Elegy, Gothic Magazine, Disturbia, Scream, Invasia, &#8230;<\/p>\n<p><strong>Exhibitions<\/strong>:<\/p>\n<ul>\n<li>LAHR 2006 Dark Dance Treffen<\/li>\n<li>ERFURT 2006 Strange Night<\/li>\n<li>OFFENBACH 2006 Grande-Opera<\/li>\n<li>STUTTGART 2006 Club Prag<\/li>\n<li>BASEL 2007 Rigor Mortis Party<\/li>\n<li>BERLIN 2007 Treppenhausstellung<\/li>\n<li>BERLIN 2007 Hu-Ha Atelier<\/li>\n<li>LUDWIGSBURG 2008 Kulturwohnzimmer<\/li>\n<li>STUTTGART 2008 Sch\u00e4tze des Westens<\/li>\n<li>HECHINGEN 2008 Black Celebration<\/li>\n<li>PRAGUE 2010 Gape Gallery<\/li>\n<li>LEIPZIG 2010 WGT<\/li>\n<li>ZAUCHENSEE 2010 Natura-Art<\/li>\n<li>DRESDEN 2015 &#8220;Skills in Pills&#8221; Galerie Holger John<\/li>\n<li>STUTTGART 2021 Kunst im Hof<\/li>\n<\/ul>\n<p><strong>Auszeichnungen<\/strong>:<\/p>\n<ul>\n<li>IN4MATION Flashaward 2000 Winner<\/li>\n<li>FLASHAWARD 2001 Berlin Beta Film Festival Winner<\/li>\n<li>WACOM Fotocommunity &#8220;Two faces &#8211; One reality&#8221; Contest Winner 2008<\/li>\n<li>Photokina Fotocommunity &#8220;Balance&#8221; Auszeichnung 2009<\/li>\n<li>Silver Medal Natura-Art 2010<\/li>\n<li>Deutscher Fotobuchpreis 2011 Nominated<\/li>\n<li>Deutscher Fotobuchpreis 2019 Bronze<\/li>\n<\/ul>\n<p>IMPRESSUM: Stefan Heilemann, Furtw\u00e4nglerstrasse 46, 70195 Stuttgart<\/p>\n<p>CHEERIO!<\/p>\n","protected":false},"excerpt":{"rendered":"<p>Heile \/ Stefan Heilemann wohnhaft in Stuttgart. &#8220;Ich la\u00df mich von keiner Realit\u00e4t einschr\u00e4nken !&#8221; Stefan Heilemann wurde 1974 in Bietigheim-Bissingen geboren. Er war viele Jahre als Art Director bei verschiedenen Werbeagenturen t\u00e4tig. Seit 2001 ist er selbst\u00e4ndig und arbeitet als Fotok\u00fcnstler. Sein Bildband &#8220;Velvet Guts&#8221; wurde mit dem Deutschen Fotobuchpreis 2019 in Bronze ausgezeichnet. &#8220;Bilder die gleichzeitig lachen, weinen und schreien faszinieren mich.&#8221; Seine Werke zieren mittlerweile zahlreiche Plattencover und Artworks internationaler Bands wie: Lindemann, Pain, Epica, Kamelot, Dimmu Borgir, Kreator, Oomph!, Nightwish, uvm. Titelstories &amp; Publikationen in vielen internationalen Magazinen: Pictures &#8211; Das Fotomagazin, Metal Hammer, Foto Praxis, Tattoo Magazin, Revolver Magazine, Virus, Saarscene, Legacy, Sonic Seducer, Orkus, Elegy, Gothic Magazine, Disturbia, Scream, Invasia, &#8230; Exhibitions: LAHR 2006 Dark Dance Treffen ERFURT 2006 Strange Night OFFENBACH 2006 Grande-Opera STUTTGART 2006 Club Prag BASEL 2007 Rigor Mortis Party BERLIN 2007 Treppenhausstellung BERLIN 2007 Hu-Ha Atelier LUDWIGSBURG 2008 Kulturwohnzimmer STUTTGART 2008 Sch\u00e4tze des Westens HECHINGEN 2008 Black Celebration PRAGUE 2010 Gape Gallery LEIPZIG 2010 WGT ZAUCHENSEE 2010 Natura-Art DRESDEN 2015 &#8220;Skills in Pills&#8221; Galerie Holger John STUTTGART 2021 Kunst im Hof Auszeichnungen: IN4MATION Flashaward 2000 Winner FLASHAWARD 2001 Berlin Beta Film Festival Winner WACOM Fotocommunity &#8220;Two faces &#8211; One reality&#8221; Contest Winner 2008 Photokina Fotocommunity &#8220;Balance&#8221; Auszeichnung 2009 Silver Medal Natura-Art 2010 Deutscher Fotobuchpreis 2011 Nominated Deutscher Fotobuchpreis 2019 Bronze IMPRESSUM: Stefan Heilemann, Furtw\u00e4nglerstrasse 46, 70195 Stuttgart CHEERIO!<\/p>\n","protected":false},"author":1,"featured_media":3694,"parent":0,"menu_order":0,"comment_status":"closed","ping_status":"closed","template":"","meta":{"footnotes":""},"class_list":["post-51","page","type-page","status-publish","has-post-thumbnail","hentry"],"_links":{"self":[{"href":"http:\/\/heilemania.de\/index.php?rest_route=\/wp\/v2\/pages\/51","targetHints":{"allow":["GET"]}}],"collection":[{"href":"http:\/\/heilemania.de\/index.php?rest_route=\/wp\/v2\/pages"}],"about":[{"href":"http:\/\/heilemania.de\/index.php?rest_route=\/wp\/v2\/types\/page"}],"author":[{"embeddable":true,"href":"http:\/\/heilemania.de\/index.php?rest_route=\/wp\/v2\/users\/1"}],"replies":[{"embeddable":true,"href":"http:\/\/heilemania.de\/index.php?rest_route=%2Fwp%2Fv2%2Fcomments&post=51"}],"version-history":[{"count":18,"href":"http:\/\/heilemania.de\/index.php?rest_route=\/wp\/v2\/pages\/51\/revisions"}],"predecessor-version":[{"id":3524,"href":"http:\/\/heilemania.de\/index.php?rest_route=\/wp\/v2\/pages\/51\/revisions\/3524"}],"wp:featuredmedia":[{"embeddable":true,"href":"http:\/\/heilemania.de\/index.php?rest_route=\/wp\/v2\/media\/3694"}],"wp:attachment":[{"href":"http:\/\/heilemania.de\/index.php?rest_route=%2Fwp%2Fv2%2Fmedia&parent=51"}],"curies":[{"name":"wp","href":"https:\/\/api.w.org\/{rel}","templated":true}]}}